{"id":216,"date":"2023-06-19T16:14:01","date_gmt":"2023-06-19T16:14:01","guid":{"rendered":"https:\/\/thecoda.com\/?page_id=216"},"modified":"2026-01-06T22:50:31","modified_gmt":"2026-01-06T22:50:31","slug":"studio-units-floor-plans","status":"publish","type":"page","link":"https:\/\/mayflowercoda.com\/pt\/apartments\/studio-units-floor-plans\/","title":{"rendered":"Plantas baixas do Studio"},"content":{"rendered":"<div style=\"height:50px\" aria-hidden=\"true\" class=\"wp-block-spacer\"><\/div>\n\n\n\n<div class=\"wp-block-media-text is-stacked-on-mobile\" style=\"grid-template-columns:40% auto\"><figure class=\"wp-block-media-text__media\"><img loading=\"lazy\" decoding=\"async\" width=\"1440\" height=\"1080\" src=\"https:\/\/mayflowercoda.com\/wp-content\/uploads\/2024\/09\/Studio-Floor-Plan-1440x1080.jpg\" alt=\"floor plan for studio apartments syracuse ny\" class=\"wp-image-2000 size-full\" srcset=\"https:\/\/mayflowercoda.com\/wp-content\/uploads\/2024\/09\/Studio-Floor-Plan-1440x1080.jpg 1440w, https:\/\/mayflowercoda.com\/wp-content\/uploads\/2024\/09\/Studio-Floor-Plan-600x450.jpg 600w, https:\/\/mayflowercoda.com\/wp-content\/uploads\/2024\/09\/Studio-Floor-Plan-768x576.jpg 768w, https:\/\/mayflowercoda.com\/wp-content\/uploads\/2024\/09\/Studio-Floor-Plan-1536x1152.jpg 1536w, https:\/\/mayflowercoda.com\/wp-content\/uploads\/2024\/09\/Studio-Floor-Plan-16x12.jpg 16w, https:\/\/mayflowercoda.com\/wp-content\/uploads\/2024\/09\/Studio-Floor-Plan.jpg 1600w\" sizes=\"auto, (max-width: 1440px) 100vw, 1440px\" \/><\/figure><div class=\"wp-block-media-text__content\">\n<h2 class=\"wp-block-heading has-text-align-left has-orange-color has-text-color has-link-color wp-elements-8ffd7ad9b68a3d7ea644b464175c9588\">Modern Studios Near Syracuse University<\/h2>\n\n\n\n<p>Studio apartments at The Mayflower are ideal for students and young professionals seeking privacy, convenience, and value. Located just minutes from campus, our studio apartments in Syracuse NY offer a smart, all-inclusive living experience with fully furnished interiors, private bedroom and bathroom areas, and plenty of space to relax or entertain.<\/p>\n\n\n\n<p>With generous square footage, oversized closets, and modern finishes, each studio is designed to maximize comfort while keeping everyday living simple. Utilities, internet, and access to premium amenities are all included, making Mayflower a standout choice among students and professionals alike.<\/p>\n<\/div><\/div>\n\n\n\n<div style=\"height:50px\" aria-hidden=\"true\" class=\"wp-block-spacer\"><\/div>\n\n\n\n<h2 class=\"wp-block-heading has-text-align-center has-mdblue-color has-text-color has-link-color has-medium-font-size wp-elements-972ed541ab9a7ced7f410b711279083c\">Studio Apartment Features<\/h2>\n\n\n\n<p class=\"has-text-align-center has-large-font-size\">Smart, Stylish, and All-Inclusive<\/p>\n\n\n\n<p class=\"has-text-align-center\">Every studio apartment at Mayflower at The Coda is thoughtfully designed for turnkey living. These studio apartments in Syracuse NY come fully furnished and ready to move in, with high-end finishes and modern conveniences throughout.<\/p>\n\n\n\n<div style=\"height:30px\" aria-hidden=\"true\" class=\"wp-block-spacer\"><\/div>\n\n\n\n<div class=\"ghostkit-grid ghostkit-grid-gap-md\"><div class=\"ghostkit-grid-inner\">\n<div class=\"ghostkit-col ghostkit-col-lg-12 ghostkit-col-4 ghostkit-col-align-self-center\"><div class=\"ghostkit-col-content is-layout-flow wp-block-ghostkit-grid-column-is-layout-flow\">\n<ul class=\"wp-block-list\">\n<li>Massive 513 Square Feet!<\/li>\n\n\n\n<li>TODOS OS UTILIT\u00c1RIOS EST\u00c3O INCLU\u00cdDOS NO ALUGUEL! Eletricidade tamb\u00e9m!<\/li>\n\n\n\n<li>FURNISHED BEDROOMS \u2013 Queen hotel-style beds with headboard and side tables, pillow top mattress, chest of drawers, study desk &amp; chair.<\/li>\n\n\n\n<li>FURNISHED LIVING \u2013 sofas, coffee &amp; end tables, dining table with chairs.<\/li>\n\n\n\n<li>Refrigerator with upper freezer.<\/li>\n<\/ul>\n<\/div><\/div>\n\n\n\n<div class=\"ghostkit-col ghostkit-col-lg-12 ghostkit-col-4\"><div class=\"ghostkit-col-content is-layout-flow wp-block-ghostkit-grid-column-is-layout-flow\">\n<ul class=\"wp-block-list\">\n<li>8\u2019 ceilings with soaring windows<\/li>\n\n\n\n<li>Ample closet with storage systems<\/li>\n\n\n\n<li>Quartz or granite countertops<\/li>\n\n\n\n<li>Chuveiro de azulejos com barra de chuveiro curva fornecida<\/li>\n\n\n\n<li>Calacatta Marble tile flooring in bathroom<\/li>\n\n\n\n<li>Acesso gratuito \u00e0 Internet sem fio de alta velocidade<\/li>\n\n\n\n<li>Hardwood Plank Flooring everywhere other than bathroom<\/li>\n\n\n\n<li>Eletrodom\u00e9sticos de a\u00e7o inoxid\u00e1vel<\/li>\n<\/ul>\n<\/div><\/div>\n\n\n\n<div class=\"ghostkit-col ghostkit-col-lg-12 ghostkit-col-4\"><div class=\"ghostkit-col-content is-layout-flow wp-block-ghostkit-grid-column-is-layout-flow\">\n<ul class=\"wp-block-list\">\n<li>M\u00e1quina de lavar lou\u00e7a, micro-ondas<\/li>\n\n\n\n<li>Descarte de lixo<\/li>\n\n\n\n<li>Fog\u00e3o\/forno com tampo de vidro liso<\/li>\n\n\n\n<li>Pia de cozinha grande de a\u00e7o inoxid\u00e1vel com bacia \u00fanica e pulverizador<\/li>\n\n\n\n<li>Electric Apartment Door Locks with Keycard Access<\/li>\n\n\n\n<li>55\u2033 or larger TVs included in living room, streaming ready.<\/li>\n\n\n\n<li>Sistemas HVAC VRP eficientes com t-stats inteligentes<\/li>\n<\/ul>\n<\/div><\/div>\n<\/div><\/div>\n\n\n\n<div style=\"height:50px\" aria-hidden=\"true\" class=\"wp-block-spacer\"><\/div>\n\n\n\n<div class=\"wp-block-cover alignfull\" style=\"min-height:300px;aspect-ratio:unset;\"><span aria-hidden=\"true\" class=\"wp-block-cover__background has-dkblue-background-color has-background-dim-100 has-background-dim\"><\/span><div class=\"wp-block-cover__inner-container is-layout-flow wp-block-cover-is-layout-flow\">\n<div class=\"alignwide ghostkit-grid ghostkit-grid-gap-no ghostkit-grid-align-items-center\"><div class=\"ghostkit-grid-inner\">\n<div class=\"ghostkit-col ghostkit-col-md-12 ghostkit-col-6 ghostkit-custom-Z1TB9K1\"><div class=\"ghostkit-col-content is-layout-flow wp-block-ghostkit-grid-column-is-layout-flow\">\n<h2 class=\"wp-block-heading has-orange-color has-text-color has-medium-font-size\" id=\"upscale-apartments-for-the-modern-lifestyle\">Now Leasing for Summer 2026<\/h2>\n\n\n\n<p class=\"has-white-color has-text-color has-x-large-font-size\" id=\"elevate-your-living\">GARANTA OS MENORES ALUGU\u00c9IS HOJE MESMO! <\/p>\n<\/div><\/div>\n\n\n\n<div class=\"ghostkit-col ghostkit-col-md-12 ghostkit-col-6 ghostkit-custom-1lJCIm\"><div class=\"ghostkit-col-content is-layout-flow wp-block-ghostkit-grid-column-is-layout-flow\">\n<div class=\"wp-block-buttons is-vertical is-content-justification-center is-layout-flex wp-container-core-buttons-is-layout-9a7cdcfd wp-block-buttons-is-layout-flex\">\n<div class=\"wp-block-button\"><a class=\"wp-block-button__link has-ltblue-background-color has-background wp-element-button\" href=\"tel:315-313-7033\">Ligue para (315) 313-7033<\/a><\/div>\n\n\n\n<div class=\"wp-block-button\"><a class=\"wp-block-button__link has-ltblue-background-color has-background wp-element-button\" href=\"sms:888-788-9174\" target=\"_blank\" rel=\"noreferrer noopener nofollow\">Text (888) 788-9174<\/a><\/div>\n\n\n\n<div class=\"wp-block-button\"><a class=\"wp-block-button__link has-orange-background-color has-background wp-element-button\" href=\"https:\/\/mayflowercoda.com\/pt\/contact-us\/\">ENTRE EM CONTATO CONOSCO!<\/a><\/div>\n<\/div>\n<\/div><\/div>\n<\/div><\/div>\n<\/div><\/div>\n\n\n\n<div style=\"height:50px\" aria-hidden=\"true\" class=\"wp-block-spacer\"><\/div>\n\n\n\n<h2 class=\"wp-block-heading has-text-align-center has-orange-color has-text-color has-link-color wp-elements-64b7e3ecc1a92a5e86829d577cecb131\">Available Studio Floor Plans<\/h2>\n\n\n\n<p class=\"has-text-align-center\">Choose from our studio layouts designed to fit your lifestyle while offering the privacy and efficiency expected from premium studio apartments in Syracuse NY.<\/p>\n\n\n\n<div style=\"height:30px\" aria-hidden=\"true\" class=\"wp-block-spacer\"><\/div>\n\n\n\n<figure class=\"wp-block-gallery has-nested-images columns-default wp-block-gallery-1 is-layout-flex wp-block-gallery-is-layout-flex\">\n<figure class=\"wp-block-image size-full\"><a href=\"https:\/\/mayflowercoda.com\/wp-content\/uploads\/2024\/09\/Mayflower-Studio-A.jpg\"><img loading=\"lazy\" decoding=\"async\" width=\"1000\" height=\"1000\" data-id=\"2012\" src=\"https:\/\/mayflowercoda.com\/wp-content\/uploads\/2024\/09\/Mayflower-Studio-A.jpg\" alt=\"studio a floor plan\" class=\"wp-image-2012\" srcset=\"https:\/\/mayflowercoda.com\/wp-content\/uploads\/2024\/09\/Mayflower-Studio-A.jpg 1000w, https:\/\/mayflowercoda.com\/wp-content\/uploads\/2024\/09\/Mayflower-Studio-A-600x600.jpg 600w, https:\/\/mayflowercoda.com\/wp-content\/uploads\/2024\/09\/Mayflower-Studio-A-200x200.jpg 200w, https:\/\/mayflowercoda.com\/wp-content\/uploads\/2024\/09\/Mayflower-Studio-A-768x768.jpg 768w, https:\/\/mayflowercoda.com\/wp-content\/uploads\/2024\/09\/Mayflower-Studio-A-12x12.jpg 12w\" sizes=\"auto, (max-width: 1000px) 100vw, 1000px\" \/><\/a><figcaption class=\"wp-element-caption\">Est\u00fadio A<\/figcaption><\/figure>\n\n\n\n<figure class=\"wp-block-image size-full\"><a href=\"https:\/\/mayflowercoda.com\/wp-content\/uploads\/2024\/09\/Mayflower-Studio-B.jpg\"><img loading=\"lazy\" decoding=\"async\" width=\"1000\" height=\"1000\" data-id=\"2011\" src=\"https:\/\/mayflowercoda.com\/wp-content\/uploads\/2024\/09\/Mayflower-Studio-B.jpg\" alt=\"studio b floor plan\" class=\"wp-image-2011\" srcset=\"https:\/\/mayflowercoda.com\/wp-content\/uploads\/2024\/09\/Mayflower-Studio-B.jpg 1000w, https:\/\/mayflowercoda.com\/wp-content\/uploads\/2024\/09\/Mayflower-Studio-B-600x600.jpg 600w, https:\/\/mayflowercoda.com\/wp-content\/uploads\/2024\/09\/Mayflower-Studio-B-200x200.jpg 200w, https:\/\/mayflowercoda.com\/wp-content\/uploads\/2024\/09\/Mayflower-Studio-B-768x768.jpg 768w, https:\/\/mayflowercoda.com\/wp-content\/uploads\/2024\/09\/Mayflower-Studio-B-12x12.jpg 12w\" sizes=\"auto, (max-width: 1000px) 100vw, 1000px\" \/><\/a><figcaption class=\"wp-element-caption\">Est\u00fadio B<\/figcaption><\/figure>\n<\/figure>\n\n\n\n<div style=\"height:30px\" aria-hidden=\"true\" class=\"wp-block-spacer\"><\/div>\n\n\n\n<div class=\"wp-block-buttons is-content-justification-center is-layout-flex wp-container-core-buttons-is-layout-16018d1d wp-block-buttons-is-layout-flex\">\n<div class=\"wp-block-button\"><a class=\"wp-block-button__link wp-element-button\" href=\"https:\/\/www.apartments.com\/mayflower-apartments-syracuse-ny\/qwph2tx\/#qwph2tx-0-virtualTour\" target=\"_blank\" rel=\"noreferrer noopener\">Take A Virtual Tour!<\/a><\/div>\n<\/div>\n\n\n\n<div style=\"height:75px\" aria-hidden=\"true\" class=\"wp-block-spacer\"><\/div>\n\n\n\n<div class=\"wp-block-media-text has-media-on-the-right is-stacked-on-mobile is-vertically-aligned-center is-image-fill-element\"><div class=\"wp-block-media-text__content\">\n<h2 class=\"wp-block-heading has-text-align-left ghostkit-custom-ZwJwfK has-mdblue-color has-text-color has-link-color has-medium-font-size wp-elements-affda585eed47cea4081713a8ecf13a0\" id=\"gallery\">Galeria<\/h2>\n\n\n\n<p class=\"has-large-font-size\">Explore Our Studio Apartments in Syracuse NY<\/p>\n\n\n\n<p class=\"has-text-align-left\">Browse photos of our studio layouts, interiors, and finishes to see why Mayflower stands out among studio apartments in Syracuse NY. From modern kitchens to stylish living spaces, every detail is designed for comfort and convenience.<\/p>\n\n\n\n<div class=\"wp-block-buttons is-content-justification-center is-layout-flex wp-container-core-buttons-is-layout-16018d1d wp-block-buttons-is-layout-flex\">\n<div class=\"wp-block-button\"><a class=\"wp-block-button__link wp-element-button\" href=\"https:\/\/mayflowercoda.com\/pt\/gallery\/\">View Gallery<\/a><\/div>\n<\/div>\n<\/div><figure class=\"wp-block-media-text__media\"><img loading=\"lazy\" decoding=\"async\" width=\"1727\" height=\"1080\" src=\"https:\/\/mayflowercoda.com\/wp-content\/uploads\/2024\/09\/studio-1727x1080.jpg\" alt=\"studio apartments syracuse ny\" class=\"wp-image-2009 size-full\" style=\"object-position:50% 50%\" srcset=\"https:\/\/mayflowercoda.com\/wp-content\/uploads\/2024\/09\/studio-1727x1080.jpg 1727w, https:\/\/mayflowercoda.com\/wp-content\/uploads\/2024\/09\/studio-600x375.jpg 600w, https:\/\/mayflowercoda.com\/wp-content\/uploads\/2024\/09\/studio-768x480.jpg 768w, https:\/\/mayflowercoda.com\/wp-content\/uploads\/2024\/09\/studio-1536x961.jpg 1536w, https:\/\/mayflowercoda.com\/wp-content\/uploads\/2024\/09\/studio-2048x1281.jpg 2048w, https:\/\/mayflowercoda.com\/wp-content\/uploads\/2024\/09\/studio-18x12.jpg 18w\" sizes=\"auto, (max-width: 1727px) 100vw, 1727px\" \/><\/figure><\/div>\n\n\n\n<div style=\"height:50px\" aria-hidden=\"true\" class=\"wp-block-spacer\"><\/div>","protected":false},"excerpt":{"rendered":"<p>Modern Studios Near Syracuse University Studio apartments at The Mayflower are ideal for students and young professionals seeking privacy, convenience, and value. Located just minutes from campus, our studio apartments in Syracuse NY offer a smart, all-inclusive living experience with fully furnished interiors, private bedroom and bathroom areas, and plenty of space to relax or [&hellip;]<\/p>\n","protected":false},"author":1,"featured_media":0,"parent":102,"menu_order":0,"comment_status":"closed","ping_status":"closed","template":"","meta":{"ghostkit_customizer_options":"","ghostkit_custom_css":"","ghostkit_custom_js_head":"","ghostkit_custom_js_foot":"","ghostkit_typography":"","footnotes":""},"class_list":["post-216","page","type-page","status-publish","hentry"],"yoast_head":"<!-- This site is optimized with the Yoast SEO plugin v27.4 - https:\/\/yoast.com\/product\/yoast-seo-wordpress\/ -->\n<title>Studio Apartments in Syracuse NY Near the University Campus<\/title>\n<meta name=\"description\" content=\"Discover studio apartments in Syracuse NY at Mayflower. Now leasing fully furnished units with utilities included and modern amenities.\" \/>\n<meta name=\"robots\" content=\"index, follow, max-snippet:-1, max-image-preview:large, max-video-preview:-1\" \/>\n<link rel=\"canonical\" href=\"https:\/\/mayflowercoda.com\/pt\/apartments\/studio-units-floor-plans\/\" \/>\n<meta property=\"og:locale\" content=\"pt_BR\" \/>\n<meta property=\"og:type\" content=\"article\" \/>\n<meta property=\"og:title\" content=\"Studio Apartments in Syracuse NY Near the University Campus\" \/>\n<meta property=\"og:description\" content=\"Discover studio apartments in Syracuse NY at Mayflower. Now leasing fully furnished units with utilities included and modern amenities.\" \/>\n<meta property=\"og:url\" content=\"https:\/\/mayflowercoda.com\/pt\/apartments\/studio-units-floor-plans\/\" \/>\n<meta property=\"og:site_name\" content=\"Mayflower at The Coda\" \/>\n<meta property=\"article:publisher\" content=\"https:\/\/www.facebook.com\/profile.php?id=100092011087072\" \/>\n<meta property=\"article:modified_time\" content=\"2026-01-06T22:50:31+00:00\" \/>\n<meta property=\"og:image\" content=\"https:\/\/mayflowercoda.com\/wp-content\/uploads\/2024\/09\/Studio-Floor-Plan.jpg\" \/>\n\t<meta property=\"og:image:width\" content=\"1600\" \/>\n\t<meta property=\"og:image:height\" content=\"1200\" \/>\n\t<meta property=\"og:image:type\" content=\"image\/jpeg\" \/>\n<meta name=\"twitter:card\" content=\"summary_large_image\" \/>\n<meta name=\"twitter:label1\" content=\"Est. tempo de leitura\" \/>\n\t<meta name=\"twitter:data1\" content=\"3 minutos\" \/>\n<script type=\"application\/ld+json\" class=\"yoast-schema-graph\">{\"@context\":\"https:\\\/\\\/schema.org\",\"@graph\":[{\"@type\":\"WebPage\",\"@id\":\"https:\\\/\\\/mayflowercoda.com\\\/apartments\\\/studio-units-floor-plans\\\/\",\"url\":\"https:\\\/\\\/mayflowercoda.com\\\/apartments\\\/studio-units-floor-plans\\\/\",\"name\":\"Studio Apartments in Syracuse NY Near the University Campus\",\"isPartOf\":{\"@id\":\"https:\\\/\\\/mayflowercoda.com\\\/#website\"},\"primaryImageOfPage\":{\"@id\":\"https:\\\/\\\/mayflowercoda.com\\\/apartments\\\/studio-units-floor-plans\\\/#primaryimage\"},\"image\":{\"@id\":\"https:\\\/\\\/mayflowercoda.com\\\/apartments\\\/studio-units-floor-plans\\\/#primaryimage\"},\"thumbnailUrl\":\"https:\\\/\\\/mayflowercoda.com\\\/wp-content\\\/uploads\\\/2024\\\/09\\\/Studio-Floor-Plan-1440x1080.jpg\",\"datePublished\":\"2023-06-19T16:14:01+00:00\",\"dateModified\":\"2026-01-06T22:50:31+00:00\",\"description\":\"Discover studio apartments in Syracuse NY at Mayflower. Now leasing fully furnished units with utilities included and modern amenities.\",\"breadcrumb\":{\"@id\":\"https:\\\/\\\/mayflowercoda.com\\\/apartments\\\/studio-units-floor-plans\\\/#breadcrumb\"},\"inLanguage\":\"pt-BR\",\"potentialAction\":[{\"@type\":\"ReadAction\",\"target\":[\"https:\\\/\\\/mayflowercoda.com\\\/apartments\\\/studio-units-floor-plans\\\/\"]}]},{\"@type\":\"ImageObject\",\"inLanguage\":\"pt-BR\",\"@id\":\"https:\\\/\\\/mayflowercoda.com\\\/apartments\\\/studio-units-floor-plans\\\/#primaryimage\",\"url\":\"https:\\\/\\\/mayflowercoda.com\\\/wp-content\\\/uploads\\\/2024\\\/09\\\/Studio-Floor-Plan-1440x1080.jpg\",\"contentUrl\":\"https:\\\/\\\/mayflowercoda.com\\\/wp-content\\\/uploads\\\/2024\\\/09\\\/Studio-Floor-Plan-1440x1080.jpg\"},{\"@type\":\"BreadcrumbList\",\"@id\":\"https:\\\/\\\/mayflowercoda.com\\\/apartments\\\/studio-units-floor-plans\\\/#breadcrumb\",\"itemListElement\":[{\"@type\":\"ListItem\",\"position\":1,\"name\":\"Home\",\"item\":\"https:\\\/\\\/mayflowercoda.com\\\/\"},{\"@type\":\"ListItem\",\"position\":2,\"name\":\"Apartments at Mayflower\",\"item\":\"https:\\\/\\\/mayflowercoda.com\\\/apartments\\\/\"},{\"@type\":\"ListItem\",\"position\":3,\"name\":\"Studio Floorplans\"}]},{\"@type\":\"WebSite\",\"@id\":\"https:\\\/\\\/mayflowercoda.com\\\/#website\",\"url\":\"https:\\\/\\\/mayflowercoda.com\\\/\",\"name\":\"Mayflower at The Coda\",\"description\":\"Syracuse University Off Campus Housing\",\"publisher\":{\"@id\":\"https:\\\/\\\/mayflowercoda.com\\\/#organization\"},\"potentialAction\":[{\"@type\":\"SearchAction\",\"target\":{\"@type\":\"EntryPoint\",\"urlTemplate\":\"https:\\\/\\\/mayflowercoda.com\\\/?s={search_term_string}\"},\"query-input\":{\"@type\":\"PropertyValueSpecification\",\"valueRequired\":true,\"valueName\":\"search_term_string\"}}],\"inLanguage\":\"pt-BR\"},{\"@type\":\"Organization\",\"@id\":\"https:\\\/\\\/mayflowercoda.com\\\/#organization\",\"name\":\"Mayflower at The Coda\",\"url\":\"https:\\\/\\\/mayflowercoda.com\\\/\",\"logo\":{\"@type\":\"ImageObject\",\"inLanguage\":\"pt-BR\",\"@id\":\"https:\\\/\\\/mayflowercoda.com\\\/#\\\/schema\\\/logo\\\/image\\\/\",\"url\":\"https:\\\/\\\/mayflowercoda.com\\\/wp-content\\\/uploads\\\/2023\\\/04\\\/TheCoda_logo_hztl_Poppy_CMYK.jpg\",\"contentUrl\":\"https:\\\/\\\/mayflowercoda.com\\\/wp-content\\\/uploads\\\/2023\\\/04\\\/TheCoda_logo_hztl_Poppy_CMYK.jpg\",\"width\":2028,\"height\":604,\"caption\":\"Mayflower at The Coda\"},\"image\":{\"@id\":\"https:\\\/\\\/mayflowercoda.com\\\/#\\\/schema\\\/logo\\\/image\\\/\"},\"sameAs\":[\"https:\\\/\\\/www.facebook.com\\\/profile.php?id=100092011087072\",\"https:\\\/\\\/www.instagram.com\\\/thecodaoncrouse\\\/\"]}]}<\/script>\n<!-- \/ Yoast SEO plugin. -->","yoast_head_json":{"title":"Studio Apartments in Syracuse NY Near the University Campus","description":"Discover studio apartments in Syracuse NY at Mayflower. Now leasing fully furnished units with utilities included and modern amenities.","robots":{"index":"index","follow":"follow","max-snippet":"max-snippet:-1","max-image-preview":"max-image-preview:large","max-video-preview":"max-video-preview:-1"},"canonical":"https:\/\/mayflowercoda.com\/pt\/apartments\/studio-units-floor-plans\/","og_locale":"pt_BR","og_type":"article","og_title":"Studio Apartments in Syracuse NY Near the University Campus","og_description":"Discover studio apartments in Syracuse NY at Mayflower. Now leasing fully furnished units with utilities included and modern amenities.","og_url":"https:\/\/mayflowercoda.com\/pt\/apartments\/studio-units-floor-plans\/","og_site_name":"Mayflower at The Coda","article_publisher":"https:\/\/www.facebook.com\/profile.php?id=100092011087072","article_modified_time":"2026-01-06T22:50:31+00:00","og_image":[{"width":1600,"height":1200,"url":"https:\/\/mayflowercoda.com\/wp-content\/uploads\/2024\/09\/Studio-Floor-Plan.jpg","type":"image\/jpeg"}],"twitter_card":"summary_large_image","twitter_misc":{"Est. tempo de leitura":"3 minutos"},"schema":{"@context":"https:\/\/schema.org","@graph":[{"@type":"WebPage","@id":"https:\/\/mayflowercoda.com\/apartments\/studio-units-floor-plans\/","url":"https:\/\/mayflowercoda.com\/apartments\/studio-units-floor-plans\/","name":"Studio Apartments in Syracuse NY Near the University Campus","isPartOf":{"@id":"https:\/\/mayflowercoda.com\/#website"},"primaryImageOfPage":{"@id":"https:\/\/mayflowercoda.com\/apartments\/studio-units-floor-plans\/#primaryimage"},"image":{"@id":"https:\/\/mayflowercoda.com\/apartments\/studio-units-floor-plans\/#primaryimage"},"thumbnailUrl":"https:\/\/mayflowercoda.com\/wp-content\/uploads\/2024\/09\/Studio-Floor-Plan-1440x1080.jpg","datePublished":"2023-06-19T16:14:01+00:00","dateModified":"2026-01-06T22:50:31+00:00","description":"Discover studio apartments in Syracuse NY at Mayflower. Now leasing fully furnished units with utilities included and modern amenities.","breadcrumb":{"@id":"https:\/\/mayflowercoda.com\/apartments\/studio-units-floor-plans\/#breadcrumb"},"inLanguage":"pt-BR","potentialAction":[{"@type":"ReadAction","target":["https:\/\/mayflowercoda.com\/apartments\/studio-units-floor-plans\/"]}]},{"@type":"ImageObject","inLanguage":"pt-BR","@id":"https:\/\/mayflowercoda.com\/apartments\/studio-units-floor-plans\/#primaryimage","url":"https:\/\/mayflowercoda.com\/wp-content\/uploads\/2024\/09\/Studio-Floor-Plan-1440x1080.jpg","contentUrl":"https:\/\/mayflowercoda.com\/wp-content\/uploads\/2024\/09\/Studio-Floor-Plan-1440x1080.jpg"},{"@type":"BreadcrumbList","@id":"https:\/\/mayflowercoda.com\/apartments\/studio-units-floor-plans\/#breadcrumb","itemListElement":[{"@type":"ListItem","position":1,"name":"Home","item":"https:\/\/mayflowercoda.com\/"},{"@type":"ListItem","position":2,"name":"Apartments at Mayflower","item":"https:\/\/mayflowercoda.com\/apartments\/"},{"@type":"ListItem","position":3,"name":"Studio Floorplans"}]},{"@type":"WebSite","@id":"https:\/\/mayflowercoda.com\/#website","url":"https:\/\/mayflowercoda.com\/","name":"Mayflower at The Coda","description":"Alojamento fora do campus da Universidade de Syracuse","publisher":{"@id":"https:\/\/mayflowercoda.com\/#organization"},"potentialAction":[{"@type":"SearchAction","target":{"@type":"EntryPoint","urlTemplate":"https:\/\/mayflowercoda.com\/?s={search_term_string}"},"query-input":{"@type":"PropertyValueSpecification","valueRequired":true,"valueName":"search_term_string"}}],"inLanguage":"pt-BR"},{"@type":"Organization","@id":"https:\/\/mayflowercoda.com\/#organization","name":"Mayflower at The Coda","url":"https:\/\/mayflowercoda.com\/","logo":{"@type":"ImageObject","inLanguage":"pt-BR","@id":"https:\/\/mayflowercoda.com\/#\/schema\/logo\/image\/","url":"https:\/\/mayflowercoda.com\/wp-content\/uploads\/2023\/04\/TheCoda_logo_hztl_Poppy_CMYK.jpg","contentUrl":"https:\/\/mayflowercoda.com\/wp-content\/uploads\/2023\/04\/TheCoda_logo_hztl_Poppy_CMYK.jpg","width":2028,"height":604,"caption":"Mayflower at The Coda"},"image":{"@id":"https:\/\/mayflowercoda.com\/#\/schema\/logo\/image\/"},"sameAs":["https:\/\/www.facebook.com\/profile.php?id=100092011087072","https:\/\/www.instagram.com\/thecodaoncrouse\/"]}]}},"_links":{"self":[{"href":"https:\/\/mayflowercoda.com\/pt\/wp-json\/wp\/v2\/pages\/216","targetHints":{"allow":["GET"]}}],"collection":[{"href":"https:\/\/mayflowercoda.com\/pt\/wp-json\/wp\/v2\/pages"}],"about":[{"href":"https:\/\/mayflowercoda.com\/pt\/wp-json\/wp\/v2\/types\/page"}],"author":[{"embeddable":true,"href":"https:\/\/mayflowercoda.com\/pt\/wp-json\/wp\/v2\/users\/1"}],"replies":[{"embeddable":true,"href":"https:\/\/mayflowercoda.com\/pt\/wp-json\/wp\/v2\/comments?post=216"}],"version-history":[{"count":59,"href":"https:\/\/mayflowercoda.com\/pt\/wp-json\/wp\/v2\/pages\/216\/revisions"}],"predecessor-version":[{"id":2554,"href":"https:\/\/mayflowercoda.com\/pt\/wp-json\/wp\/v2\/pages\/216\/revisions\/2554"}],"up":[{"embeddable":true,"href":"https:\/\/mayflowercoda.com\/pt\/wp-json\/wp\/v2\/pages\/102"}],"wp:attachment":[{"href":"https:\/\/mayflowercoda.com\/pt\/wp-json\/wp\/v2\/media?parent=216"}],"curies":[{"name":"wp","href":"https:\/\/api.w.org\/{rel}","templated":true}]}}